{"id":5144,"date":"2022-03-23T16:25:14","date_gmt":"2022-03-23T15:25:14","guid":{"rendered":"https:\/\/www.amazing-tu.85-94-200-209.plesk.page\/staging\/about-us\/"},"modified":"2026-04-14T14:59:37","modified_gmt":"2026-04-14T12:59:37","slug":"sobre-nosotros","status":"publish","type":"page","link":"https:\/\/staging.ibsaderma.uy\/es\/sobre-nosotros\/","title":{"rendered":"Sobre nosotros"},"content":{"rendered":"\n<p class=\"has-text-align-center\"><strong>IBSA Derma<\/strong> promueve una visi\u00f3n de la medicina est\u00e9tica dirigida a preservar, proteger y celebrar la belleza del rostro y el cuerpo a trav\u00e9s de tratamientos con \u00e1cido hialur\u00f3nico.<\/p>\n","protected":false},"excerpt":{"rendered":"<p>IBSA Derma promueve una visi\u00f3n de la medicina est\u00e9tica dirigida a preservar, proteger y celebrar la belleza del rostro y el cuerpo a trav\u00e9s de tratamientos con \u00e1cido hialur\u00f3nico.<\/p>\n","protected":false},"author":47,"featured_media":5070,"parent":0,"menu_order":0,"comment_status":"closed","ping_status":"closed","template":"template-chi-siamo.php","meta":{"_acf_changed":false,"inline_featured_image":false,"footnotes":""},"class_list":["post-5144","page","type-page","status-publish","has-post-thumbnail","hentry"],"acf":[],"yoast_head":"<!-- This site is optimized with the Yoast SEO plugin v25.4 - https:\/\/yoast.com\/wordpress\/plugins\/seo\/ -->\n<title>Sobre nosotros | IBSA Derma<\/title>\n<meta name=\"robots\" content=\"noindex, follow, max-snippet:-1, max-image-preview:large, max-video-preview:-1\" \/>\n<meta property=\"og:locale\" content=\"es_ES\" \/>\n<meta property=\"og:type\" content=\"article\" \/>\n<meta property=\"og:title\" content=\"Sobre nosotros | IBSA Derma\" \/>\n<meta property=\"og:description\" content=\"IBSA Derma promueve una visi\u00f3n de la medicina est\u00e9tica dirigida a preservar, proteger y celebrar la belleza del rostro y el cuerpo a trav\u00e9s de tratamientos con \u00e1cido hialur\u00f3nico.\" \/>\n<meta property=\"og:url\" content=\"https:\/\/staging.ibsaderma.uy\/es\/sobre-nosotros\/\" \/>\n<meta property=\"og:site_name\" content=\"IBSA Derma\" \/>\n<meta property=\"article:publisher\" content=\"https:\/\/www.facebook.com\/ibsaderma\/\" \/>\n<meta property=\"article:modified_time\" content=\"2026-04-14T12:59:37+00:00\" \/>\n<meta property=\"og:image\" content=\"https:\/\/staging.ibsaderma.uy\/wp-content\/uploads\/2024\/07\/Trio.jpeg\" \/>\n\t<meta property=\"og:image:width\" content=\"2079\" \/>\n\t<meta property=\"og:image:height\" content=\"1386\" \/>\n\t<meta property=\"og:image:type\" content=\"image\/jpeg\" \/>\n<meta name=\"twitter:card\" content=\"summary_large_image\" \/>\n<meta name=\"twitter:label1\" content=\"Tiempo de lectura\" \/>\n\t<meta name=\"twitter:data1\" content=\"1 minuto\" \/>\n<script type=\"application\/ld+json\" class=\"yoast-schema-graph\">{\"@context\":\"https:\/\/schema.org\",\"@graph\":[{\"@type\":\"WebPage\",\"@id\":\"https:\/\/staging.ibsaderma.uy\/es\/sobre-nosotros\/\",\"url\":\"https:\/\/staging.ibsaderma.uy\/es\/sobre-nosotros\/\",\"name\":\"Sobre nosotros | IBSA Derma\",\"isPartOf\":{\"@id\":\"https:\/\/staging.ibsaderma.uy\/es\/#website\"},\"primaryImageOfPage\":{\"@id\":\"https:\/\/staging.ibsaderma.uy\/es\/sobre-nosotros\/#primaryimage\"},\"image\":{\"@id\":\"https:\/\/staging.ibsaderma.uy\/es\/sobre-nosotros\/#primaryimage\"},\"thumbnailUrl\":\"https:\/\/staging.ibsaderma.uy\/wp-content\/uploads\/2024\/07\/Trio.jpeg\",\"datePublished\":\"2022-03-23T15:25:14+00:00\",\"dateModified\":\"2026-04-14T12:59:37+00:00\",\"breadcrumb\":{\"@id\":\"https:\/\/staging.ibsaderma.uy\/es\/sobre-nosotros\/#breadcrumb\"},\"inLanguage\":\"es\",\"potentialAction\":[{\"@type\":\"ReadAction\",\"target\":[\"https:\/\/staging.ibsaderma.uy\/es\/sobre-nosotros\/\"]}]},{\"@type\":\"ImageObject\",\"inLanguage\":\"es\",\"@id\":\"https:\/\/staging.ibsaderma.uy\/es\/sobre-nosotros\/#primaryimage\",\"url\":\"https:\/\/staging.ibsaderma.uy\/wp-content\/uploads\/2024\/07\/Trio.jpeg\",\"contentUrl\":\"https:\/\/staging.ibsaderma.uy\/wp-content\/uploads\/2024\/07\/Trio.jpeg\",\"width\":2079,\"height\":1386,\"caption\":\"IBSA DERMA - Qui\u00e9nes somos\"},{\"@type\":\"BreadcrumbList\",\"@id\":\"https:\/\/staging.ibsaderma.uy\/es\/sobre-nosotros\/#breadcrumb\",\"itemListElement\":[{\"@type\":\"ListItem\",\"position\":1,\"name\":\"Home\",\"item\":\"https:\/\/staging.ibsaderma.uy\/es\/\"},{\"@type\":\"ListItem\",\"position\":2,\"name\":\"Sobre nosotros\"}]},{\"@type\":\"WebSite\",\"@id\":\"https:\/\/staging.ibsaderma.uy\/es\/#website\",\"url\":\"https:\/\/staging.ibsaderma.uy\/es\/\",\"name\":\"IBSA Derma\",\"description\":\"\",\"publisher\":{\"@id\":\"https:\/\/staging.ibsaderma.uy\/es\/#organization\"},\"potentialAction\":[{\"@type\":\"SearchAction\",\"target\":{\"@type\":\"EntryPoint\",\"urlTemplate\":\"https:\/\/staging.ibsaderma.uy\/es\/?s={search_term_string}\"},\"query-input\":{\"@type\":\"PropertyValueSpecification\",\"valueRequired\":true,\"valueName\":\"search_term_string\"}}],\"inLanguage\":\"es\"},{\"@type\":\"Organization\",\"@id\":\"https:\/\/staging.ibsaderma.uy\/es\/#organization\",\"name\":\"IBSA DERMA\",\"url\":\"https:\/\/staging.ibsaderma.uy\/es\/\",\"logo\":{\"@type\":\"ImageObject\",\"inLanguage\":\"es\",\"@id\":\"https:\/\/staging.ibsaderma.uy\/es\/#\/schema\/logo\/image\/\",\"url\":\"https:\/\/staging.ibsaderma.uy\/wp-content\/uploads\/2020\/04\/logo-ibsaderma.png\",\"contentUrl\":\"https:\/\/staging.ibsaderma.uy\/wp-content\/uploads\/2020\/04\/logo-ibsaderma.png\",\"width\":290,\"height\":75,\"caption\":\"IBSA DERMA\"},\"image\":{\"@id\":\"https:\/\/staging.ibsaderma.uy\/es\/#\/schema\/logo\/image\/\"},\"sameAs\":[\"https:\/\/www.facebook.com\/ibsaderma\/\",\"https:\/\/www.instagram.com\/ibsa_derma_italia\/\"]}]}<\/script>\n<!-- \/ Yoast SEO plugin. -->","yoast_head_json":{"title":"Sobre nosotros | IBSA Derma","robots":{"index":"noindex","follow":"follow","max-snippet":"max-snippet:-1","max-image-preview":"max-image-preview:large","max-video-preview":"max-video-preview:-1"},"og_locale":"es_ES","og_type":"article","og_title":"Sobre nosotros | IBSA Derma","og_description":"IBSA Derma promueve una visi\u00f3n de la medicina est\u00e9tica dirigida a preservar, proteger y celebrar la belleza del rostro y el cuerpo a trav\u00e9s de tratamientos con \u00e1cido hialur\u00f3nico.","og_url":"https:\/\/staging.ibsaderma.uy\/es\/sobre-nosotros\/","og_site_name":"IBSA Derma","article_publisher":"https:\/\/www.facebook.com\/ibsaderma\/","article_modified_time":"2026-04-14T12:59:37+00:00","og_image":[{"width":2079,"height":1386,"url":"https:\/\/staging.ibsaderma.uy\/wp-content\/uploads\/2024\/07\/Trio.jpeg","type":"image\/jpeg"}],"twitter_card":"summary_large_image","twitter_misc":{"Tiempo de lectura":"1 minuto"},"schema":{"@context":"https:\/\/schema.org","@graph":[{"@type":"WebPage","@id":"https:\/\/staging.ibsaderma.uy\/es\/sobre-nosotros\/","url":"https:\/\/staging.ibsaderma.uy\/es\/sobre-nosotros\/","name":"Sobre nosotros | IBSA Derma","isPartOf":{"@id":"https:\/\/staging.ibsaderma.uy\/es\/#website"},"primaryImageOfPage":{"@id":"https:\/\/staging.ibsaderma.uy\/es\/sobre-nosotros\/#primaryimage"},"image":{"@id":"https:\/\/staging.ibsaderma.uy\/es\/sobre-nosotros\/#primaryimage"},"thumbnailUrl":"https:\/\/staging.ibsaderma.uy\/wp-content\/uploads\/2024\/07\/Trio.jpeg","datePublished":"2022-03-23T15:25:14+00:00","dateModified":"2026-04-14T12:59:37+00:00","breadcrumb":{"@id":"https:\/\/staging.ibsaderma.uy\/es\/sobre-nosotros\/#breadcrumb"},"inLanguage":"es","potentialAction":[{"@type":"ReadAction","target":["https:\/\/staging.ibsaderma.uy\/es\/sobre-nosotros\/"]}]},{"@type":"ImageObject","inLanguage":"es","@id":"https:\/\/staging.ibsaderma.uy\/es\/sobre-nosotros\/#primaryimage","url":"https:\/\/staging.ibsaderma.uy\/wp-content\/uploads\/2024\/07\/Trio.jpeg","contentUrl":"https:\/\/staging.ibsaderma.uy\/wp-content\/uploads\/2024\/07\/Trio.jpeg","width":2079,"height":1386,"caption":"IBSA DERMA - Qui\u00e9nes somos"},{"@type":"BreadcrumbList","@id":"https:\/\/staging.ibsaderma.uy\/es\/sobre-nosotros\/#breadcrumb","itemListElement":[{"@type":"ListItem","position":1,"name":"Home","item":"https:\/\/staging.ibsaderma.uy\/es\/"},{"@type":"ListItem","position":2,"name":"Sobre nosotros"}]},{"@type":"WebSite","@id":"https:\/\/staging.ibsaderma.uy\/es\/#website","url":"https:\/\/staging.ibsaderma.uy\/es\/","name":"IBSA Derma","description":"","publisher":{"@id":"https:\/\/staging.ibsaderma.uy\/es\/#organization"},"potentialAction":[{"@type":"SearchAction","target":{"@type":"EntryPoint","urlTemplate":"https:\/\/staging.ibsaderma.uy\/es\/?s={search_term_string}"},"query-input":{"@type":"PropertyValueSpecification","valueRequired":true,"valueName":"search_term_string"}}],"inLanguage":"es"},{"@type":"Organization","@id":"https:\/\/staging.ibsaderma.uy\/es\/#organization","name":"IBSA DERMA","url":"https:\/\/staging.ibsaderma.uy\/es\/","logo":{"@type":"ImageObject","inLanguage":"es","@id":"https:\/\/staging.ibsaderma.uy\/es\/#\/schema\/logo\/image\/","url":"https:\/\/staging.ibsaderma.uy\/wp-content\/uploads\/2020\/04\/logo-ibsaderma.png","contentUrl":"https:\/\/staging.ibsaderma.uy\/wp-content\/uploads\/2020\/04\/logo-ibsaderma.png","width":290,"height":75,"caption":"IBSA DERMA"},"image":{"@id":"https:\/\/staging.ibsaderma.uy\/es\/#\/schema\/logo\/image\/"},"sameAs":["https:\/\/www.facebook.com\/ibsaderma\/","https:\/\/www.instagram.com\/ibsa_derma_italia\/"]}]}},"_links":{"self":[{"href":"https:\/\/staging.ibsaderma.uy\/es\/wp-json\/wp\/v2\/pages\/5144","targetHints":{"allow":["GET"]}}],"collection":[{"href":"https:\/\/staging.ibsaderma.uy\/es\/wp-json\/wp\/v2\/pages"}],"about":[{"href":"https:\/\/staging.ibsaderma.uy\/es\/wp-json\/wp\/v2\/types\/page"}],"author":[{"embeddable":true,"href":"https:\/\/staging.ibsaderma.uy\/es\/wp-json\/wp\/v2\/users\/47"}],"replies":[{"embeddable":true,"href":"https:\/\/staging.ibsaderma.uy\/es\/wp-json\/wp\/v2\/comments?post=5144"}],"version-history":[{"count":2,"href":"https:\/\/staging.ibsaderma.uy\/es\/wp-json\/wp\/v2\/pages\/5144\/revisions"}],"predecessor-version":[{"id":6020,"href":"https:\/\/staging.ibsaderma.uy\/es\/wp-json\/wp\/v2\/pages\/5144\/revisions\/6020"}],"wp:featuredmedia":[{"embeddable":true,"href":"https:\/\/staging.ibsaderma.uy\/es\/wp-json\/wp\/v2\/media\/5070"}],"wp:attachment":[{"href":"https:\/\/staging.ibsaderma.uy\/es\/wp-json\/wp\/v2\/media?parent=5144"}],"curies":[{"name":"wp","href":"https:\/\/api.w.org\/{rel}","templated":true}]}}