{"id":5279,"date":"2023-12-02T13:08:10","date_gmt":"2023-12-02T12:08:10","guid":{"rendered":"https:\/\/www.amazing-tu.85-94-200-209.plesk.page\/staging\/are-you-a-healthcare-professional\/"},"modified":"2024-10-25T15:55:22","modified_gmt":"2024-10-25T13:55:22","slug":"eres-profesional-de-la-salud","status":"publish","type":"page","link":"https:\/\/staging.ibsaderma.uy\/es\/eres-profesional-de-la-salud\/","title":{"rendered":"\u00bfEres profesional de la salud?"},"content":{"rendered":"\n<div class=\"wp-block-group\"><div class=\"wp-block-group__inner-container is-layout-constrained wp-block-group-is-layout-constrained\">\n<h2 class=\"has-text-align-center -blue text-uppercase mb-big titlePage wp-block-heading\">IBSA DERMA, ACOMPA\u00d1ANDO A LOS PROFESIONALES DE LA MEDICINA EST\u00c9TICA<\/h2>\n\n\n\n<p class=\"has-text-align-center\">IBSA Derma trabaja estrechamente con expertos en medicina est\u00e9tica y desarrolla m\u00e9todos para apoyar su trabajo y sus competencias profesionales, ofreci\u00e9ndoles informaci\u00f3n exhaustiva, formaci\u00f3n y mucho m\u00e1s.<\/p>\n<\/div><\/div>\n","protected":false},"excerpt":{"rendered":"<p>IBSA DERMA, ACOMPA\u00d1ANDO A LOS PROFESIONALES DE LA MEDICINA EST\u00c9TICA IBSA Derma trabaja estrechamente con expertos en medicina est\u00e9tica y desarrolla m\u00e9todos para apoyar su trabajo y sus competencias profesionales, ofreci\u00e9ndoles informaci\u00f3n exhaustiva, formaci\u00f3n y mucho m\u00e1s.<\/p>\n","protected":false},"author":47,"featured_media":0,"parent":0,"menu_order":0,"comment_status":"closed","ping_status":"closed","template":"template-operatore.php","meta":{"_acf_changed":false,"inline_featured_image":false,"footnotes":""},"class_list":["post-5279","page","type-page","status-publish","hentry"],"acf":[],"yoast_head":"<!-- This site is optimized with the Yoast SEO plugin v25.4 - https:\/\/yoast.com\/wordpress\/plugins\/seo\/ -->\n<title>\u00bfEres profesional de la salud? | IBSA Derma<\/title>\n<meta name=\"robots\" content=\"noindex, follow, max-snippet:-1, max-image-preview:large, max-video-preview:-1\" \/>\n<meta property=\"og:locale\" content=\"es_ES\" \/>\n<meta property=\"og:type\" content=\"article\" \/>\n<meta property=\"og:title\" content=\"\u00bfEres profesional de la salud? | IBSA Derma\" \/>\n<meta property=\"og:description\" content=\"IBSA DERMA, ACOMPA\u00d1ANDO A LOS PROFESIONALES DE LA MEDICINA EST\u00c9TICA IBSA Derma trabaja estrechamente con expertos en medicina est\u00e9tica y desarrolla m\u00e9todos para apoyar su trabajo y sus competencias profesionales, ofreci\u00e9ndoles informaci\u00f3n exhaustiva, formaci\u00f3n y mucho m\u00e1s.\" \/>\n<meta property=\"og:url\" content=\"https:\/\/staging.ibsaderma.uy\/es\/eres-profesional-de-la-salud\/\" \/>\n<meta property=\"og:site_name\" content=\"IBSA Derma\" \/>\n<meta property=\"article:publisher\" content=\"https:\/\/www.facebook.com\/ibsaderma\/\" \/>\n<meta property=\"article:modified_time\" content=\"2024-10-25T13:55:22+00:00\" \/>\n<meta name=\"twitter:card\" content=\"summary_large_image\" \/>\n<meta name=\"twitter:label1\" content=\"Tiempo de lectura\" \/>\n\t<meta name=\"twitter:data1\" content=\"1 minuto\" \/>\n<script type=\"application\/ld+json\" class=\"yoast-schema-graph\">{\"@context\":\"https:\/\/schema.org\",\"@graph\":[{\"@type\":\"WebPage\",\"@id\":\"https:\/\/staging.ibsaderma.uy\/es\/eres-profesional-de-la-salud\/\",\"url\":\"https:\/\/staging.ibsaderma.uy\/es\/eres-profesional-de-la-salud\/\",\"name\":\"\u00bfEres profesional de la salud? | IBSA Derma\",\"isPartOf\":{\"@id\":\"https:\/\/staging.ibsaderma.uy\/es\/#website\"},\"datePublished\":\"2023-12-02T12:08:10+00:00\",\"dateModified\":\"2024-10-25T13:55:22+00:00\",\"breadcrumb\":{\"@id\":\"https:\/\/staging.ibsaderma.uy\/es\/eres-profesional-de-la-salud\/#breadcrumb\"},\"inLanguage\":\"es\",\"potentialAction\":[{\"@type\":\"ReadAction\",\"target\":[\"https:\/\/staging.ibsaderma.uy\/es\/eres-profesional-de-la-salud\/\"]}]},{\"@type\":\"BreadcrumbList\",\"@id\":\"https:\/\/staging.ibsaderma.uy\/es\/eres-profesional-de-la-salud\/#breadcrumb\",\"itemListElement\":[{\"@type\":\"ListItem\",\"position\":1,\"name\":\"Home\",\"item\":\"https:\/\/staging.ibsaderma.uy\/es\/\"},{\"@type\":\"ListItem\",\"position\":2,\"name\":\"\u00bfEres profesional de la salud?\"}]},{\"@type\":\"WebSite\",\"@id\":\"https:\/\/staging.ibsaderma.uy\/es\/#website\",\"url\":\"https:\/\/staging.ibsaderma.uy\/es\/\",\"name\":\"IBSA Derma\",\"description\":\"\",\"publisher\":{\"@id\":\"https:\/\/staging.ibsaderma.uy\/es\/#organization\"},\"potentialAction\":[{\"@type\":\"SearchAction\",\"target\":{\"@type\":\"EntryPoint\",\"urlTemplate\":\"https:\/\/staging.ibsaderma.uy\/es\/?s={search_term_string}\"},\"query-input\":{\"@type\":\"PropertyValueSpecification\",\"valueRequired\":true,\"valueName\":\"search_term_string\"}}],\"inLanguage\":\"es\"},{\"@type\":\"Organization\",\"@id\":\"https:\/\/staging.ibsaderma.uy\/es\/#organization\",\"name\":\"IBSA DERMA\",\"url\":\"https:\/\/staging.ibsaderma.uy\/es\/\",\"logo\":{\"@type\":\"ImageObject\",\"inLanguage\":\"es\",\"@id\":\"https:\/\/staging.ibsaderma.uy\/es\/#\/schema\/logo\/image\/\",\"url\":\"https:\/\/staging.ibsaderma.uy\/wp-content\/uploads\/2020\/04\/logo-ibsaderma.png\",\"contentUrl\":\"https:\/\/staging.ibsaderma.uy\/wp-content\/uploads\/2020\/04\/logo-ibsaderma.png\",\"width\":290,\"height\":75,\"caption\":\"IBSA DERMA\"},\"image\":{\"@id\":\"https:\/\/staging.ibsaderma.uy\/es\/#\/schema\/logo\/image\/\"},\"sameAs\":[\"https:\/\/www.facebook.com\/ibsaderma\/\",\"https:\/\/www.instagram.com\/ibsa_derma_italia\/\"]}]}<\/script>\n<!-- \/ Yoast SEO plugin. -->","yoast_head_json":{"title":"\u00bfEres profesional de la salud? | IBSA Derma","robots":{"index":"noindex","follow":"follow","max-snippet":"max-snippet:-1","max-image-preview":"max-image-preview:large","max-video-preview":"max-video-preview:-1"},"og_locale":"es_ES","og_type":"article","og_title":"\u00bfEres profesional de la salud? | IBSA Derma","og_description":"IBSA DERMA, ACOMPA\u00d1ANDO A LOS PROFESIONALES DE LA MEDICINA EST\u00c9TICA IBSA Derma trabaja estrechamente con expertos en medicina est\u00e9tica y desarrolla m\u00e9todos para apoyar su trabajo y sus competencias profesionales, ofreci\u00e9ndoles informaci\u00f3n exhaustiva, formaci\u00f3n y mucho m\u00e1s.","og_url":"https:\/\/staging.ibsaderma.uy\/es\/eres-profesional-de-la-salud\/","og_site_name":"IBSA Derma","article_publisher":"https:\/\/www.facebook.com\/ibsaderma\/","article_modified_time":"2024-10-25T13:55:22+00:00","twitter_card":"summary_large_image","twitter_misc":{"Tiempo de lectura":"1 minuto"},"schema":{"@context":"https:\/\/schema.org","@graph":[{"@type":"WebPage","@id":"https:\/\/staging.ibsaderma.uy\/es\/eres-profesional-de-la-salud\/","url":"https:\/\/staging.ibsaderma.uy\/es\/eres-profesional-de-la-salud\/","name":"\u00bfEres profesional de la salud? | IBSA Derma","isPartOf":{"@id":"https:\/\/staging.ibsaderma.uy\/es\/#website"},"datePublished":"2023-12-02T12:08:10+00:00","dateModified":"2024-10-25T13:55:22+00:00","breadcrumb":{"@id":"https:\/\/staging.ibsaderma.uy\/es\/eres-profesional-de-la-salud\/#breadcrumb"},"inLanguage":"es","potentialAction":[{"@type":"ReadAction","target":["https:\/\/staging.ibsaderma.uy\/es\/eres-profesional-de-la-salud\/"]}]},{"@type":"BreadcrumbList","@id":"https:\/\/staging.ibsaderma.uy\/es\/eres-profesional-de-la-salud\/#breadcrumb","itemListElement":[{"@type":"ListItem","position":1,"name":"Home","item":"https:\/\/staging.ibsaderma.uy\/es\/"},{"@type":"ListItem","position":2,"name":"\u00bfEres profesional de la salud?"}]},{"@type":"WebSite","@id":"https:\/\/staging.ibsaderma.uy\/es\/#website","url":"https:\/\/staging.ibsaderma.uy\/es\/","name":"IBSA Derma","description":"","publisher":{"@id":"https:\/\/staging.ibsaderma.uy\/es\/#organization"},"potentialAction":[{"@type":"SearchAction","target":{"@type":"EntryPoint","urlTemplate":"https:\/\/staging.ibsaderma.uy\/es\/?s={search_term_string}"},"query-input":{"@type":"PropertyValueSpecification","valueRequired":true,"valueName":"search_term_string"}}],"inLanguage":"es"},{"@type":"Organization","@id":"https:\/\/staging.ibsaderma.uy\/es\/#organization","name":"IBSA DERMA","url":"https:\/\/staging.ibsaderma.uy\/es\/","logo":{"@type":"ImageObject","inLanguage":"es","@id":"https:\/\/staging.ibsaderma.uy\/es\/#\/schema\/logo\/image\/","url":"https:\/\/staging.ibsaderma.uy\/wp-content\/uploads\/2020\/04\/logo-ibsaderma.png","contentUrl":"https:\/\/staging.ibsaderma.uy\/wp-content\/uploads\/2020\/04\/logo-ibsaderma.png","width":290,"height":75,"caption":"IBSA DERMA"},"image":{"@id":"https:\/\/staging.ibsaderma.uy\/es\/#\/schema\/logo\/image\/"},"sameAs":["https:\/\/www.facebook.com\/ibsaderma\/","https:\/\/www.instagram.com\/ibsa_derma_italia\/"]}]}},"_links":{"self":[{"href":"https:\/\/staging.ibsaderma.uy\/es\/wp-json\/wp\/v2\/pages\/5279","targetHints":{"allow":["GET"]}}],"collection":[{"href":"https:\/\/staging.ibsaderma.uy\/es\/wp-json\/wp\/v2\/pages"}],"about":[{"href":"https:\/\/staging.ibsaderma.uy\/es\/wp-json\/wp\/v2\/types\/page"}],"author":[{"embeddable":true,"href":"https:\/\/staging.ibsaderma.uy\/es\/wp-json\/wp\/v2\/users\/47"}],"replies":[{"embeddable":true,"href":"https:\/\/staging.ibsaderma.uy\/es\/wp-json\/wp\/v2\/comments?post=5279"}],"version-history":[{"count":3,"href":"https:\/\/staging.ibsaderma.uy\/es\/wp-json\/wp\/v2\/pages\/5279\/revisions"}],"predecessor-version":[{"id":5494,"href":"https:\/\/staging.ibsaderma.uy\/es\/wp-json\/wp\/v2\/pages\/5279\/revisions\/5494"}],"wp:attachment":[{"href":"https:\/\/staging.ibsaderma.uy\/es\/wp-json\/wp\/v2\/media?parent=5279"}],"curies":[{"name":"wp","href":"https:\/\/api.w.org\/{rel}","templated":true}]}}