{"id":5597,"date":"2020-03-31T12:00:58","date_gmt":"2020-03-31T10:00:58","guid":{"rendered":"https:\/\/www.ibsaderma.uy\/cookie-policy\/"},"modified":"2026-04-15T11:47:09","modified_gmt":"2026-04-15T09:47:09","slug":"politica-de-cookies","status":"publish","type":"page","link":"https:\/\/staging.ibsaderma.uy\/es\/politica-de-cookies\/","title":{"rendered":"Pol\u00edtica de cookies"},"content":{"rendered":"\n<p><strong>NUESTRA POL\u00cdTICA DE COOKIES Y OTROS SISTEMAS DE SEGUIMIENTO<\/strong><\/p>\n\n\n\n<p>Esta pol\u00edtica tiene como objetivo explicar c\u00f3mo este sitio web utiliza las cookies para proporcionar informaci\u00f3n clara y relevante que le permita controlar lo que sucede cuando accede al sitio. Esta pol\u00edtica utiliza el t\u00e9rmino \u00abcookie\u00bb para referirse a las cookies y tecnolog\u00edas similares amparadas por la ley (como, por ejemplo, los Objetos Locales Compartidos (LOB), com\u00fanmente conocidos como \u00abcookies Flash\u00bb, balizas web o web bugs, incluyendo GIF transparentes, p\u00edxeles de seguimiento).<br>La \u200b\u200binformaci\u00f3n recopilada se refiere a datos que pueden permitir la identificaci\u00f3n de usuarios\/visitantes mediante la asociaci\u00f3n y el procesamiento con datos de terceros (como, por ejemplo, las direcciones IP y los nombres de dominio de los ordenadores utilizados por las personas que se conectan al sitio web).<br>Este documento forma parte integral y sustancial de la Pol\u00edtica de Privacidad y del aviso que contiene, emitido de conformidad con el art\u00edculo 13 del Reglamento (UE) 2016\/679. Por lo tanto, le invitamos a leer dicho documento.<\/p>\n\n\n\n<p>Ley aplicable \u2013 Esta materia est\u00e1 regulada por la Directiva Europea 2002\/58\/CE \u2013posteriormente modificada por la Directiva 2009\/136\/CE y transpuesta por las legislaciones nacionales de los Estados miembros de la Uni\u00f3n Europea\u2013, que nos obliga a informarle y obtener su consentimiento para el uso de cookies y tecnolog\u00edas similares.<\/p>\n\n\n\n<p>El uso de cookies y tecnolog\u00edas similares es una pr\u00e1ctica com\u00fan desde hace tiempo, ya que son importantes para la prestaci\u00f3n de numerosos servicios en l\u00ednea. Por lo tanto, el uso de estas tecnolog\u00edas no est\u00e1 prohibido por ley, pero requiere que se le informe sobre las cookies y se le d\u00e9 la opci\u00f3n de aceptarlas o no.<\/p>\n\n\n\n<p>\u00bfQu\u00e9 es una cookie? Una cookie es un peque\u00f1o archivo de texto, generalmente compuesto por letras y n\u00fameros, que se descarga en tu dispositivo al acceder al sitio web. Las cookies se env\u00edan al sitio web original en cada visita posterior.<\/p>\n\n\n\n<p>P\u00edxeles de seguimiento: Los p\u00edxeles de seguimiento son herramientas de seguimiento que permiten un procesamiento similar al que se realiza mediante cookies, pero que, a diferencia de estas, no almacenan informaci\u00f3n en el dispositivo utilizado para acceder al sitio web ni son eliminadas directamente por el usuario a trav\u00e9s de la configuraci\u00f3n del navegador.<br>Los datos recopilados mediante cookies y p\u00edxeles de seguimiento pueden estar relacionados con usted, sus preferencias o el dispositivo que utiliza para acceder al sitio web (ordenador, tableta o tel\u00e9fono m\u00f3vil) y se utilizan principalmente para adaptar el funcionamiento del sitio web a sus expectativas y para monitorizar el comportamiento con el fin de crear perfiles de audiencia con fines estad\u00edsticos o de retargeting conductual.<\/p>\n\n\n\n<p>Diferentes tipos de cookies: Las cookies se clasifican de forma diferente seg\u00fan el aspecto que se considere. En cuanto a su duraci\u00f3n, se distingue entre cookies de sesi\u00f3n y persistentes.<\/p>\n\n\n\n<p>Cookies de sesi\u00f3n: Las cookies pueden caducar al finalizar la sesi\u00f3n del navegador (es decir, duran desde que se abre la ventana del navegador hasta que se cierra). Permiten a los sitios web rastrear sus acciones durante una sesi\u00f3n. Pueden utilizarse para diversos fines, como recordar lo que ha a\u00f1adido a su carrito de compra mientras navega por un sitio web. Tambi\u00e9n pueden utilizarse para la seguridad al acceder a servicios de banca por internet o para facilitar el uso del correo web. Estas cookies de sesi\u00f3n caducan despu\u00e9s de finalizar la sesi\u00f3n del navegador.<br>El uso de cookies de sesi\u00f3n (que, en cualquier caso, no se almacenan permanentemente en su ordenador y se eliminan autom\u00e1ticamente al cerrar el navegador) se limita estrictamente a la transmisi\u00f3n de datos (consistentes en n\u00fameros aleatorios generados por el servidor) que identifican la sesi\u00f3n espec\u00edfica y son necesarios para permitir una navegaci\u00f3n segura y eficiente. Las cookies de sesi\u00f3n utilizadas en este sitio no utilizan otras tecnolog\u00edas de la informaci\u00f3n que puedan comprometer la privacidad de los usuarios que navegan por la web.<\/p>\n\n\n\n<p>Cookies persistentes: Estas cookies pueden almacenarse durante m\u00e1s tiempo que una sesi\u00f3n. Se almacenan en su dispositivo entre diferentes sesiones del navegador y permiten recordar sus acciones en un sitio web. Las cookies persistentes pueden utilizarse para diversos fines, como recordar sus preferencias y elecciones al usar un sitio web (o, en algunos casos, a trav\u00e9s de diferentes sitios web).<\/p>\n\n\n\n<p>Cookies propias y de terceros: En cuanto a qui\u00e9n las configura, se distingue entre cookies propias y de terceros. Que una cookie sea propia o de terceros depende estrictamente del sitio web o dominio que la utiliza. Las cookies propias son las que establece el sitio web que usted visita, es decir, el sitio que se muestra en la URL: en nuestro caso, se refieren a las cookies que establece este sitio web del Responsable. Las cookies de terceros son las que establece un dominio distinto al que usted visita, es decir, las que establecen sitios web distintos del de este Responsable. Si visita un sitio web (como este) y una empresa externa instala una cookie a trav\u00e9s de este sitio web, esa cookie es una cookie de terceros.<\/p>\n\n\n\n<p>Cookies t\u00e9cnicas: Las cookies t\u00e9cnicas son necesarias para la comunicaci\u00f3n en la red electr\u00f3nica y suelen ser instaladas directamente por el responsable o el operador del sitio web. Se utilizan para el correcto funcionamiento del sitio web o para mejorar el servicio que se le ofrece. La instalaci\u00f3n de estas cookies no requiere su consentimiento previo, pero debe ser informado de su presencia.<\/p>\n\n\n\n<p>Cookies de perfil: si procede, las cookies de perfil est\u00e1n dise\u00f1adas para crear perfiles de usuario y se utilizan para enviar noticias o mensajes publicitarios seg\u00fan las preferencias que haya expresado durante su navegaci\u00f3n web. Para las cookies de perfil, debe estar informado de su presencia y dar su consentimiento para su uso.<br>En este sitio web utilizamos cookies que nos permiten comprender c\u00f3mo utilizan los visitantes el sitio para poder evaluar y mejorar su funcionamiento. No accederemos a sus datos personales, excepto de forma an\u00f3nima y agregada. Para ello, utilizamos cookies de Google Analytics.<\/p>\n\n\n\n<p>Cookies para segmentaci\u00f3n publicitaria: si corresponde, estas cookies provienen de servicios de terceros y nos permiten proporcionar a las agencias de publicidad informaci\u00f3n sobre su visita a nuestro sitio web para que pueda ver anuncios basados \u200b\u200ben sus intereses. Estas cookies tambi\u00e9n nos permiten conectarnos a redes sociales, que tambi\u00e9n pueden usar informaci\u00f3n sobre su visita a nuestro sitio web para mostrar anuncios.<\/p>\n\n\n\n<p>Responsable del Tratamiento: IBSA FARMACEUTICI ITALIA SRL, seg\u00fan se identifica en la Pol\u00edtica de Privacidad, es el Responsable del Tratamiento y responsable \u00fanicamente de sus propias cookies, es decir, las cookies de origen. El resto de las cookies, es decir, las cookies de terceros, est\u00e1n bajo el control de las empresas propietarias.<\/p>\n\n\n\n<p>Consentimiento para cookies<\/p>\n\n\n\n<p>Este sitio utiliza diversas t\u00e9cnicas para obtener su consentimiento. Un m\u00e9todo es hacer clic en el cuadro que aparece en el sitio notific\u00e1ndole del uso de cookies.<br>La configuraci\u00f3n de su navegador es otra forma de dar o rechazar el consentimiento para las cookies. Puede configurar su navegador para que le avise cuando haya cookies presentes, de modo que pueda decidir si las acepta o no. Tambi\u00e9n es posible rechazar autom\u00e1ticamente todas las cookies activando esta opci\u00f3n en el navegador.<br>Cada navegador proporciona instrucciones para ello. Si desea desactivar el uso de cookies, puede cambiar la configuraci\u00f3n del navegador para bloquearlas. Consulte el manual de ayuda de su navegador para obtener m\u00e1s informaci\u00f3n. Tenga en cuenta que si desactiva todas las cookies, su uso del sitio web y de los servicios que ofrecemos podr\u00eda verse afectado total o parcialmente.<\/p>\n\n\n\n<p>M\u00e1s informaci\u00f3n sobre las cookies \u2013 Para obtener m\u00e1s informaci\u00f3n sobre las cookies instaladas a trav\u00e9s de este Sitio, puede comunicarse con la siguiente direcci\u00f3n de correo electr\u00f3nico: privacy@ibsa.ch<\/p>\n\n\n\n<p>Actualizaci\u00f3n de la pol\u00edtica: La entrada en vigor de nuevas normativas del sector, as\u00ed como la revisi\u00f3n y actualizaci\u00f3n continua de los servicios al usuario, pueden requerir cambios en el tratamiento de sus datos personales. Por lo tanto, esta pol\u00edtica puede cambiar con el tiempo, por lo que le recomendamos que consulte esta p\u00e1gina peri\u00f3dicamente. Para ello, el documento de la pol\u00edtica indica la fecha de su \u00faltima actualizaci\u00f3n.<\/p>\n\n\n\n<p>\u00daltima actualizaci\u00f3n: 09\/05\/2023<\/p>\n","protected":false},"excerpt":{"rendered":"<p>NUESTRA POL\u00cdTICA DE COOKIES Y OTROS SISTEMAS DE SEGUIMIENTO Esta pol\u00edtica tiene como objetivo explicar c\u00f3mo este sitio web utiliza las cookies para proporcionar informaci\u00f3n clara y relevante que le permita controlar lo que sucede cuando accede al sitio. Esta pol\u00edtica utiliza el t\u00e9rmino \u00abcookie\u00bb para referirse a las cookies y tecnolog\u00edas similares amparadas por [&hellip;]<\/p>\n","protected":false},"author":47,"featured_media":0,"parent":0,"menu_order":0,"comment_status":"closed","ping_status":"closed","template":"","meta":{"_acf_changed":false,"inline_featured_image":false,"footnotes":""},"class_list":["post-5597","page","type-page","status-publish","hentry"],"acf":[],"yoast_head":"<!-- This site is optimized with the Yoast SEO plugin v25.4 - https:\/\/yoast.com\/wordpress\/plugins\/seo\/ -->\n<title>Pol\u00edtica de cookies | IBSA Derma<\/title>\n<meta name=\"robots\" content=\"noindex, follow, max-snippet:-1, max-image-preview:large, max-video-preview:-1\" \/>\n<meta property=\"og:locale\" content=\"es_ES\" \/>\n<meta property=\"og:type\" content=\"article\" \/>\n<meta property=\"og:title\" content=\"Pol\u00edtica de cookies | IBSA Derma\" \/>\n<meta property=\"og:description\" content=\"NUESTRA POL\u00cdTICA DE COOKIES Y OTROS SISTEMAS DE SEGUIMIENTO Esta pol\u00edtica tiene como objetivo explicar c\u00f3mo este sitio web utiliza las cookies para proporcionar informaci\u00f3n clara y relevante que le permita controlar lo que sucede cuando accede al sitio. Esta pol\u00edtica utiliza el t\u00e9rmino \u00abcookie\u00bb para referirse a las cookies y tecnolog\u00edas similares amparadas por [&hellip;]\" \/>\n<meta property=\"og:url\" content=\"https:\/\/staging.ibsaderma.uy\/es\/politica-de-cookies\/\" \/>\n<meta property=\"og:site_name\" content=\"IBSA Derma\" \/>\n<meta property=\"article:publisher\" content=\"https:\/\/www.facebook.com\/ibsaderma\/\" \/>\n<meta property=\"article:modified_time\" content=\"2026-04-15T09:47:09+00:00\" \/>\n<meta name=\"twitter:card\" content=\"summary_large_image\" \/>\n<meta name=\"twitter:label1\" content=\"Tiempo de lectura\" \/>\n\t<meta name=\"twitter:data1\" content=\"6 minutos\" \/>\n<script type=\"application\/ld+json\" class=\"yoast-schema-graph\">{\"@context\":\"https:\/\/schema.org\",\"@graph\":[{\"@type\":\"WebPage\",\"@id\":\"https:\/\/staging.ibsaderma.uy\/es\/politica-de-cookies\/\",\"url\":\"https:\/\/staging.ibsaderma.uy\/es\/politica-de-cookies\/\",\"name\":\"Pol\u00edtica de cookies | IBSA Derma\",\"isPartOf\":{\"@id\":\"https:\/\/staging.ibsaderma.uy\/es\/#website\"},\"datePublished\":\"2020-03-31T10:00:58+00:00\",\"dateModified\":\"2026-04-15T09:47:09+00:00\",\"breadcrumb\":{\"@id\":\"https:\/\/staging.ibsaderma.uy\/es\/politica-de-cookies\/#breadcrumb\"},\"inLanguage\":\"es\",\"potentialAction\":[{\"@type\":\"ReadAction\",\"target\":[\"https:\/\/staging.ibsaderma.uy\/es\/politica-de-cookies\/\"]}]},{\"@type\":\"BreadcrumbList\",\"@id\":\"https:\/\/staging.ibsaderma.uy\/es\/politica-de-cookies\/#breadcrumb\",\"itemListElement\":[{\"@type\":\"ListItem\",\"position\":1,\"name\":\"Home\",\"item\":\"https:\/\/staging.ibsaderma.uy\/es\/\"},{\"@type\":\"ListItem\",\"position\":2,\"name\":\"Pol\u00edtica de cookies\"}]},{\"@type\":\"WebSite\",\"@id\":\"https:\/\/staging.ibsaderma.uy\/es\/#website\",\"url\":\"https:\/\/staging.ibsaderma.uy\/es\/\",\"name\":\"IBSA Derma\",\"description\":\"\",\"publisher\":{\"@id\":\"https:\/\/staging.ibsaderma.uy\/es\/#organization\"},\"potentialAction\":[{\"@type\":\"SearchAction\",\"target\":{\"@type\":\"EntryPoint\",\"urlTemplate\":\"https:\/\/staging.ibsaderma.uy\/es\/?s={search_term_string}\"},\"query-input\":{\"@type\":\"PropertyValueSpecification\",\"valueRequired\":true,\"valueName\":\"search_term_string\"}}],\"inLanguage\":\"es\"},{\"@type\":\"Organization\",\"@id\":\"https:\/\/staging.ibsaderma.uy\/es\/#organization\",\"name\":\"IBSA DERMA\",\"url\":\"https:\/\/staging.ibsaderma.uy\/es\/\",\"logo\":{\"@type\":\"ImageObject\",\"inLanguage\":\"es\",\"@id\":\"https:\/\/staging.ibsaderma.uy\/es\/#\/schema\/logo\/image\/\",\"url\":\"https:\/\/staging.ibsaderma.uy\/wp-content\/uploads\/2020\/04\/logo-ibsaderma.png\",\"contentUrl\":\"https:\/\/staging.ibsaderma.uy\/wp-content\/uploads\/2020\/04\/logo-ibsaderma.png\",\"width\":290,\"height\":75,\"caption\":\"IBSA DERMA\"},\"image\":{\"@id\":\"https:\/\/staging.ibsaderma.uy\/es\/#\/schema\/logo\/image\/\"},\"sameAs\":[\"https:\/\/www.facebook.com\/ibsaderma\/\",\"https:\/\/www.instagram.com\/ibsa_derma_italia\/\"]}]}<\/script>\n<!-- \/ Yoast SEO plugin. -->","yoast_head_json":{"title":"Pol\u00edtica de cookies | IBSA Derma","robots":{"index":"noindex","follow":"follow","max-snippet":"max-snippet:-1","max-image-preview":"max-image-preview:large","max-video-preview":"max-video-preview:-1"},"og_locale":"es_ES","og_type":"article","og_title":"Pol\u00edtica de cookies | IBSA Derma","og_description":"NUESTRA POL\u00cdTICA DE COOKIES Y OTROS SISTEMAS DE SEGUIMIENTO Esta pol\u00edtica tiene como objetivo explicar c\u00f3mo este sitio web utiliza las cookies para proporcionar informaci\u00f3n clara y relevante que le permita controlar lo que sucede cuando accede al sitio. Esta pol\u00edtica utiliza el t\u00e9rmino \u00abcookie\u00bb para referirse a las cookies y tecnolog\u00edas similares amparadas por [&hellip;]","og_url":"https:\/\/staging.ibsaderma.uy\/es\/politica-de-cookies\/","og_site_name":"IBSA Derma","article_publisher":"https:\/\/www.facebook.com\/ibsaderma\/","article_modified_time":"2026-04-15T09:47:09+00:00","twitter_card":"summary_large_image","twitter_misc":{"Tiempo de lectura":"6 minutos"},"schema":{"@context":"https:\/\/schema.org","@graph":[{"@type":"WebPage","@id":"https:\/\/staging.ibsaderma.uy\/es\/politica-de-cookies\/","url":"https:\/\/staging.ibsaderma.uy\/es\/politica-de-cookies\/","name":"Pol\u00edtica de cookies | IBSA Derma","isPartOf":{"@id":"https:\/\/staging.ibsaderma.uy\/es\/#website"},"datePublished":"2020-03-31T10:00:58+00:00","dateModified":"2026-04-15T09:47:09+00:00","breadcrumb":{"@id":"https:\/\/staging.ibsaderma.uy\/es\/politica-de-cookies\/#breadcrumb"},"inLanguage":"es","potentialAction":[{"@type":"ReadAction","target":["https:\/\/staging.ibsaderma.uy\/es\/politica-de-cookies\/"]}]},{"@type":"BreadcrumbList","@id":"https:\/\/staging.ibsaderma.uy\/es\/politica-de-cookies\/#breadcrumb","itemListElement":[{"@type":"ListItem","position":1,"name":"Home","item":"https:\/\/staging.ibsaderma.uy\/es\/"},{"@type":"ListItem","position":2,"name":"Pol\u00edtica de cookies"}]},{"@type":"WebSite","@id":"https:\/\/staging.ibsaderma.uy\/es\/#website","url":"https:\/\/staging.ibsaderma.uy\/es\/","name":"IBSA Derma","description":"","publisher":{"@id":"https:\/\/staging.ibsaderma.uy\/es\/#organization"},"potentialAction":[{"@type":"SearchAction","target":{"@type":"EntryPoint","urlTemplate":"https:\/\/staging.ibsaderma.uy\/es\/?s={search_term_string}"},"query-input":{"@type":"PropertyValueSpecification","valueRequired":true,"valueName":"search_term_string"}}],"inLanguage":"es"},{"@type":"Organization","@id":"https:\/\/staging.ibsaderma.uy\/es\/#organization","name":"IBSA DERMA","url":"https:\/\/staging.ibsaderma.uy\/es\/","logo":{"@type":"ImageObject","inLanguage":"es","@id":"https:\/\/staging.ibsaderma.uy\/es\/#\/schema\/logo\/image\/","url":"https:\/\/staging.ibsaderma.uy\/wp-content\/uploads\/2020\/04\/logo-ibsaderma.png","contentUrl":"https:\/\/staging.ibsaderma.uy\/wp-content\/uploads\/2020\/04\/logo-ibsaderma.png","width":290,"height":75,"caption":"IBSA DERMA"},"image":{"@id":"https:\/\/staging.ibsaderma.uy\/es\/#\/schema\/logo\/image\/"},"sameAs":["https:\/\/www.facebook.com\/ibsaderma\/","https:\/\/www.instagram.com\/ibsa_derma_italia\/"]}]}},"_links":{"self":[{"href":"https:\/\/staging.ibsaderma.uy\/es\/wp-json\/wp\/v2\/pages\/5597","targetHints":{"allow":["GET"]}}],"collection":[{"href":"https:\/\/staging.ibsaderma.uy\/es\/wp-json\/wp\/v2\/pages"}],"about":[{"href":"https:\/\/staging.ibsaderma.uy\/es\/wp-json\/wp\/v2\/types\/page"}],"author":[{"embeddable":true,"href":"https:\/\/staging.ibsaderma.uy\/es\/wp-json\/wp\/v2\/users\/47"}],"replies":[{"embeddable":true,"href":"https:\/\/staging.ibsaderma.uy\/es\/wp-json\/wp\/v2\/comments?post=5597"}],"version-history":[{"count":2,"href":"https:\/\/staging.ibsaderma.uy\/es\/wp-json\/wp\/v2\/pages\/5597\/revisions"}],"predecessor-version":[{"id":6048,"href":"https:\/\/staging.ibsaderma.uy\/es\/wp-json\/wp\/v2\/pages\/5597\/revisions\/6048"}],"wp:attachment":[{"href":"https:\/\/staging.ibsaderma.uy\/es\/wp-json\/wp\/v2\/media?parent=5597"}],"curies":[{"name":"wp","href":"https:\/\/api.w.org\/{rel}","templated":true}]}}