{"id":5599,"date":"2020-03-31T12:01:14","date_gmt":"2020-03-31T10:01:14","guid":{"rendered":"https:\/\/www.ibsaderma.uy\/privacy-policy\/"},"modified":"2026-04-15T11:43:57","modified_gmt":"2026-04-15T09:43:57","slug":"politica-de-privacidad","status":"publish","type":"page","link":"https:\/\/staging.ibsaderma.uy\/es\/politica-de-privacidad\/","title":{"rendered":"POL\u00cdTICA DE PRIVACIDAD"},"content":{"rendered":"\n<p>IBSA FARMACEUTICI ITALIA SRL siempre ha prestado la m\u00e1xima atenci\u00f3n a la confidencialidad, protecci\u00f3n y seguridad de la informaci\u00f3n que posee, m\u00e1s a\u00fan si se trata de datos personales de sus clientes y de las partes con las que entran en contacto.<\/p>\n\n\n\n<p>El prop\u00f3sito de esta Pol\u00edtica es describir los procedimientos utilizados para el procesamiento de los datos personales de los usuarios y visitantes de este sitio web, al cual se puede acceder en la siguiente direcci\u00f3n [indicar nombre del sitio web].<\/p>\n\n\n\n<p>Marco regulatorio \u2013 Esta comunicaci\u00f3n se proporciona de conformidad con la legislaci\u00f3n de la Uni\u00f3n Europea sobre el tratamiento de datos personales (Reglamento UE 2016\/679 y Directiva 2002\/58\/CE).<\/p>\n\n\n\n<p>Responsable del tratamiento \u2013 IBSA FARMACEUTICI ITALIA SRL \u2013 Via Martiri di Cefalonia 2 \u2013 26900 Lodi \u2013 Italia (a continuaci\u00f3n tambi\u00e9n el \u201cResponsable\u201d).<\/p>\n\n\n\n<p>Alcance de esta pol\u00edtica \u2013 Esta Pol\u00edtica de Privacidad se aplica a este sitio web y no a otros sitios web que no sean propiedad del Controlador, que usted pueda visitar navegando por los enlaces.<\/p>\n\n\n\n<p>Redirecci\u00f3n a sitios web externos: Desde el sitio web, se puede acceder a sitios web de terceros mediante los enlaces proporcionados para este fin. El Responsable del Tratamiento no asume ninguna responsabilidad en relaci\u00f3n con el tratamiento de datos personales por parte de sitios web de terceros ni con la gesti\u00f3n de las credenciales de autenticaci\u00f3n proporcionadas por estos.<\/p>\n\n\n\n<p>Finalidades \u2013 Este sitio web proporciona informaci\u00f3n sobre las actividades del Responsable. El sitio web puede contener secciones donde se le solicite al usuario que proporcione sus datos personales, como la secci\u00f3n \u00abContacto\u00bb. En estas secciones, se encontrar\u00e1n avisos espec\u00edficos de privacidad con las finalidades especificadas y, en su caso, los puntos de recogida.<\/p>\n\n\n\n<p>Base legal del tratamiento de datos \u2013 Los avisos de informaci\u00f3n de privacidad mencionados anteriormente contienen la base legal para el tratamiento de datos personales.<\/p>\n\n\n\n<p>Consentimiento para el tratamiento de los datos \u2013 Si es necesario, de conformidad con el art. 6.1 letra a) del Reglamento (UE) 2016\/679, se solicita al visitante que exprese libremente su consentimiento para autorizar la recopilaci\u00f3n de datos, su posterior uso y almacenamiento.<\/p>\n\n\n\n<p>Datos o metadatos de navegaci\u00f3n: Los sistemas inform\u00e1ticos y los procedimientos de software utilizados en este sitio web adquieren, durante su funcionamiento normal, rastros o metadatos (considerados datos personales), cuya transmisi\u00f3n est\u00e1 impl\u00edcita en el uso de los protocolos de comunicaci\u00f3n de Internet. La adquisici\u00f3n de esta informaci\u00f3n (tambi\u00e9n denominada \u00abpasiva\u00bb por este motivo) puede tener lugar incluso si no est\u00e1 registrado en los servicios y sin que participe activamente.<br>Estos datos, necesarios para el uso de los servicios web, tambi\u00e9n se procesan con la finalidad de:<br>\u2022 obtener informaci\u00f3n estad\u00edstica sobre el uso de los servicios (p\u00e1ginas m\u00e1s visitadas, n\u00famero de visitantes por hora o d\u00eda, zonas geogr\u00e1ficas de origen, etc.);<br>\u2022 comprobar el correcto funcionamiento de los servicios ofrecidos.<br>Estos datos podr\u00e1n utilizarse para determinar la responsabilidad en caso de hipot\u00e9ticos delitos inform\u00e1ticos contra el sitio web o a petici\u00f3n de las autoridades p\u00fablicas.<\/p>\n\n\n\n<p>Redes sociales: Los datos personales del perfil del visitante en las redes sociales de IBSA y toda la informaci\u00f3n relacionada se utilizan para dar seguimiento a solicitudes o mensajes, si es necesario.<br>Los datos personales mencionados anteriormente solo pueden formar parte de nuestra base de datos para contactarle nuevamente, mantenerse al d\u00eda sobre nuestras novedades en productos\/servicios y nuestra participaci\u00f3n en ferias y eventos.<\/p>\n\n\n\n<p>Cookie (redireccionamiento) \u2013 Para obtener informaci\u00f3n sobre la instalaci\u00f3n de cookies por parte de este sitio web, por favor consulte la Pol\u00edtica de Cookies.<\/p>\n\n\n\n<p>Modalidades de tratamiento \u2013 El tratamiento de los datos personales se realiza mediante procedimientos y medios electr\u00f3nicos.<\/p>\n\n\n\n<p>Almacenamiento de datos personales: Los datos personales se conservan durante el tiempo estrictamente necesario para lograr los fines para los que fueron recopilados y tratados, y en todo caso, de conformidad con sus derechos y la legislaci\u00f3n vigente.<br>Los datos recopilados en secciones espec\u00edficas del sitio web se almacenan seg\u00fan el plazo indicado en el aviso informativo de la secci\u00f3n de referencia.<\/p>\n\n\n\n<p>Suministro opcional de datos: El suministro de los datos personales solicitados al interesado es opcional, salvo que se especifique lo contrario. No obstante, la falta de suministro de los datos podr\u00eda resultar en la imposibilidad de obtener lo solicitado o de realizar la actividad indicada.<\/p>\n\n\n\n<p>Lugar donde se tratan los datos \u2013 El tratamiento asociado a los servicios web de este sitio web tiene lugar en IBSA FARMACEUTICI ITALIA SRL \u2013 Via Martiri di Cefalonia 2 \u2013 26900 Lodi \u2013 Italia<\/p>\n\n\n\n<p>\u00c1mbito de circulaci\u00f3n de los datos personales: Salvo que se indique lo contrario en los avisos informativos espec\u00edficos, solo las personas que act\u00faen en nombre del Responsable del Tratamiento, designadas espec\u00edficamente como encargados del tratamiento o responsables de la gesti\u00f3n del servicio solicitado, podr\u00e1n acceder a los datos personales recopilados a trav\u00e9s de este sitio web.<br>Difusi\u00f3n de los datos personales recopilados por el sitio: Los datos personales recopilados por el sitio no se divulgar\u00e1n a destinatarios no especificados.<\/p>\n\n\n\n<p>Flujos de datos al exterior \u2013 Los datos personales antes mencionados, \u00fanicamente para las finalidades descritas en el apartado \u201cFinalidad\u201d, podr\u00e1n ser comunicados y\/o transferidos a terceros que operen en otros pa\u00edses \u2013 ya sea en pa\u00edses de la UE o fuera de la UE \u2013 con la implementaci\u00f3n de medidas de seguridad adecuadas para garantizar la protecci\u00f3n de datos y la seguridad de la transferencia de datos.<\/p>\n\n\n\n<p>Encargados del tratamiento de datos \u2013 La lista actualizada de los encargados del tratamiento de datos y de las filiales del grupo est\u00e1 disponible enviando una solicitud a privacy@ibsa.ch.<\/p>\n\n\n\n<p>Delegado de Protecci\u00f3n de Datos: El Responsable del Tratamiento cuenta con un Delegado de Protecci\u00f3n de Datos (tambi\u00e9n conocido como OPD). Puede contactar con el OPD a trav\u00e9s del siguiente canal de comunicaci\u00f3n: dpo@ibsa.it.<\/p>\n\n\n\n<p>Derechos de protecci\u00f3n de datos personales: En relaci\u00f3n con el tratamiento de datos personales, el interesado puede obtener, en cualquier momento, la confirmaci\u00f3n de la existencia o no de dichos datos en poder del Responsable del Tratamiento, as\u00ed como informaci\u00f3n sobre su contenido y origen. El interesado tambi\u00e9n puede solicitar la complementaci\u00f3n o correcci\u00f3n de los datos o, en los casos previstos por la ley, la portabilidad, la limitaci\u00f3n del tratamiento y la supresi\u00f3n de los datos tratados, adem\u00e1s de oponerse al tratamiento de los datos personales, por motivos leg\u00edtimos. El interesado tambi\u00e9n puede obtener la lista actualizada de Encargados del Tratamiento si lo solicita. El interesado tambi\u00e9n tiene derecho a presentar una reclamaci\u00f3n ante la Autoridad de Protecci\u00f3n de Datos Personales si considera que no se han respetado sus derechos o que no ha recibido respuesta a sus solicitudes de conformidad con la ley.<\/p>\n\n\n\n<p>C\u00f3mo ejercer sus derechos \u2013 Puede ejercer sus derechos contactando con privacy@ibsa.ch.<\/p>\n\n\n\n<p>Modificaciones de la pol\u00edtica: La entrada en vigor de nuevas normativas del sector, as\u00ed como la revisi\u00f3n y actualizaci\u00f3n continua de los servicios al usuario, pueden requerir cambios en el tratamiento de sus datos personales. Por lo tanto, esta pol\u00edtica puede cambiar con el tiempo, por lo que le recomendamos que consulte esta p\u00e1gina peri\u00f3dicamente. Para ello, el documento de la pol\u00edtica indica la fecha de su \u00faltima actualizaci\u00f3n.<\/p>\n\n\n\n<p>\u00daltima actualizaci\u00f3n: 09\/05\/2023<\/p>\n","protected":false},"excerpt":{"rendered":"<p>IBSA FARMACEUTICI ITALIA SRL siempre ha prestado la m\u00e1xima atenci\u00f3n a la confidencialidad, protecci\u00f3n y seguridad de la informaci\u00f3n que posee, m\u00e1s a\u00fan si se trata de datos personales de sus clientes y de las partes con las que entran en contacto. El prop\u00f3sito de esta Pol\u00edtica es describir los procedimientos utilizados para el procesamiento [&hellip;]<\/p>\n","protected":false},"author":47,"featured_media":0,"parent":0,"menu_order":0,"comment_status":"closed","ping_status":"closed","template":"","meta":{"_acf_changed":false,"inline_featured_image":false,"footnotes":""},"class_list":["post-5599","page","type-page","status-publish","hentry"],"acf":[],"yoast_head":"<!-- This site is optimized with the Yoast SEO plugin v25.4 - https:\/\/yoast.com\/wordpress\/plugins\/seo\/ -->\n<title>POL\u00cdTICA DE PRIVACIDAD | IBSA Derma<\/title>\n<meta name=\"robots\" content=\"noindex, follow, max-snippet:-1, max-image-preview:large, max-video-preview:-1\" \/>\n<meta property=\"og:locale\" content=\"es_ES\" \/>\n<meta property=\"og:type\" content=\"article\" \/>\n<meta property=\"og:title\" content=\"POL\u00cdTICA DE PRIVACIDAD | IBSA Derma\" \/>\n<meta property=\"og:description\" content=\"IBSA FARMACEUTICI ITALIA SRL siempre ha prestado la m\u00e1xima atenci\u00f3n a la confidencialidad, protecci\u00f3n y seguridad de la informaci\u00f3n que posee, m\u00e1s a\u00fan si se trata de datos personales de sus clientes y de las partes con las que entran en contacto. El prop\u00f3sito de esta Pol\u00edtica es describir los procedimientos utilizados para el procesamiento [&hellip;]\" \/>\n<meta property=\"og:url\" content=\"https:\/\/staging.ibsaderma.uy\/es\/politica-de-privacidad\/\" \/>\n<meta property=\"og:site_name\" content=\"IBSA Derma\" \/>\n<meta property=\"article:publisher\" content=\"https:\/\/www.facebook.com\/ibsaderma\/\" \/>\n<meta property=\"article:modified_time\" content=\"2026-04-15T09:43:57+00:00\" \/>\n<meta name=\"twitter:card\" content=\"summary_large_image\" \/>\n<meta name=\"twitter:label1\" content=\"Tiempo de lectura\" \/>\n\t<meta name=\"twitter:data1\" content=\"6 minutos\" \/>\n<script type=\"application\/ld+json\" class=\"yoast-schema-graph\">{\"@context\":\"https:\/\/schema.org\",\"@graph\":[{\"@type\":\"WebPage\",\"@id\":\"https:\/\/staging.ibsaderma.uy\/es\/politica-de-privacidad\/\",\"url\":\"https:\/\/staging.ibsaderma.uy\/es\/politica-de-privacidad\/\",\"name\":\"POL\u00cdTICA DE PRIVACIDAD | IBSA Derma\",\"isPartOf\":{\"@id\":\"https:\/\/staging.ibsaderma.uy\/es\/#website\"},\"datePublished\":\"2020-03-31T10:01:14+00:00\",\"dateModified\":\"2026-04-15T09:43:57+00:00\",\"breadcrumb\":{\"@id\":\"https:\/\/staging.ibsaderma.uy\/es\/politica-de-privacidad\/#breadcrumb\"},\"inLanguage\":\"es\",\"potentialAction\":[{\"@type\":\"ReadAction\",\"target\":[\"https:\/\/staging.ibsaderma.uy\/es\/politica-de-privacidad\/\"]}]},{\"@type\":\"BreadcrumbList\",\"@id\":\"https:\/\/staging.ibsaderma.uy\/es\/politica-de-privacidad\/#breadcrumb\",\"itemListElement\":[{\"@type\":\"ListItem\",\"position\":1,\"name\":\"Home\",\"item\":\"https:\/\/staging.ibsaderma.uy\/es\/\"},{\"@type\":\"ListItem\",\"position\":2,\"name\":\"POL\u00cdTICA DE PRIVACIDAD\"}]},{\"@type\":\"WebSite\",\"@id\":\"https:\/\/staging.ibsaderma.uy\/es\/#website\",\"url\":\"https:\/\/staging.ibsaderma.uy\/es\/\",\"name\":\"IBSA Derma\",\"description\":\"\",\"publisher\":{\"@id\":\"https:\/\/staging.ibsaderma.uy\/es\/#organization\"},\"potentialAction\":[{\"@type\":\"SearchAction\",\"target\":{\"@type\":\"EntryPoint\",\"urlTemplate\":\"https:\/\/staging.ibsaderma.uy\/es\/?s={search_term_string}\"},\"query-input\":{\"@type\":\"PropertyValueSpecification\",\"valueRequired\":true,\"valueName\":\"search_term_string\"}}],\"inLanguage\":\"es\"},{\"@type\":\"Organization\",\"@id\":\"https:\/\/staging.ibsaderma.uy\/es\/#organization\",\"name\":\"IBSA DERMA\",\"url\":\"https:\/\/staging.ibsaderma.uy\/es\/\",\"logo\":{\"@type\":\"ImageObject\",\"inLanguage\":\"es\",\"@id\":\"https:\/\/staging.ibsaderma.uy\/es\/#\/schema\/logo\/image\/\",\"url\":\"https:\/\/staging.ibsaderma.uy\/wp-content\/uploads\/2020\/04\/logo-ibsaderma.png\",\"contentUrl\":\"https:\/\/staging.ibsaderma.uy\/wp-content\/uploads\/2020\/04\/logo-ibsaderma.png\",\"width\":290,\"height\":75,\"caption\":\"IBSA DERMA\"},\"image\":{\"@id\":\"https:\/\/staging.ibsaderma.uy\/es\/#\/schema\/logo\/image\/\"},\"sameAs\":[\"https:\/\/www.facebook.com\/ibsaderma\/\",\"https:\/\/www.instagram.com\/ibsa_derma_italia\/\"]}]}<\/script>\n<!-- \/ Yoast SEO plugin. -->","yoast_head_json":{"title":"POL\u00cdTICA DE PRIVACIDAD | IBSA Derma","robots":{"index":"noindex","follow":"follow","max-snippet":"max-snippet:-1","max-image-preview":"max-image-preview:large","max-video-preview":"max-video-preview:-1"},"og_locale":"es_ES","og_type":"article","og_title":"POL\u00cdTICA DE PRIVACIDAD | IBSA Derma","og_description":"IBSA FARMACEUTICI ITALIA SRL siempre ha prestado la m\u00e1xima atenci\u00f3n a la confidencialidad, protecci\u00f3n y seguridad de la informaci\u00f3n que posee, m\u00e1s a\u00fan si se trata de datos personales de sus clientes y de las partes con las que entran en contacto. El prop\u00f3sito de esta Pol\u00edtica es describir los procedimientos utilizados para el procesamiento [&hellip;]","og_url":"https:\/\/staging.ibsaderma.uy\/es\/politica-de-privacidad\/","og_site_name":"IBSA Derma","article_publisher":"https:\/\/www.facebook.com\/ibsaderma\/","article_modified_time":"2026-04-15T09:43:57+00:00","twitter_card":"summary_large_image","twitter_misc":{"Tiempo de lectura":"6 minutos"},"schema":{"@context":"https:\/\/schema.org","@graph":[{"@type":"WebPage","@id":"https:\/\/staging.ibsaderma.uy\/es\/politica-de-privacidad\/","url":"https:\/\/staging.ibsaderma.uy\/es\/politica-de-privacidad\/","name":"POL\u00cdTICA DE PRIVACIDAD | IBSA Derma","isPartOf":{"@id":"https:\/\/staging.ibsaderma.uy\/es\/#website"},"datePublished":"2020-03-31T10:01:14+00:00","dateModified":"2026-04-15T09:43:57+00:00","breadcrumb":{"@id":"https:\/\/staging.ibsaderma.uy\/es\/politica-de-privacidad\/#breadcrumb"},"inLanguage":"es","potentialAction":[{"@type":"ReadAction","target":["https:\/\/staging.ibsaderma.uy\/es\/politica-de-privacidad\/"]}]},{"@type":"BreadcrumbList","@id":"https:\/\/staging.ibsaderma.uy\/es\/politica-de-privacidad\/#breadcrumb","itemListElement":[{"@type":"ListItem","position":1,"name":"Home","item":"https:\/\/staging.ibsaderma.uy\/es\/"},{"@type":"ListItem","position":2,"name":"POL\u00cdTICA DE PRIVACIDAD"}]},{"@type":"WebSite","@id":"https:\/\/staging.ibsaderma.uy\/es\/#website","url":"https:\/\/staging.ibsaderma.uy\/es\/","name":"IBSA Derma","description":"","publisher":{"@id":"https:\/\/staging.ibsaderma.uy\/es\/#organization"},"potentialAction":[{"@type":"SearchAction","target":{"@type":"EntryPoint","urlTemplate":"https:\/\/staging.ibsaderma.uy\/es\/?s={search_term_string}"},"query-input":{"@type":"PropertyValueSpecification","valueRequired":true,"valueName":"search_term_string"}}],"inLanguage":"es"},{"@type":"Organization","@id":"https:\/\/staging.ibsaderma.uy\/es\/#organization","name":"IBSA DERMA","url":"https:\/\/staging.ibsaderma.uy\/es\/","logo":{"@type":"ImageObject","inLanguage":"es","@id":"https:\/\/staging.ibsaderma.uy\/es\/#\/schema\/logo\/image\/","url":"https:\/\/staging.ibsaderma.uy\/wp-content\/uploads\/2020\/04\/logo-ibsaderma.png","contentUrl":"https:\/\/staging.ibsaderma.uy\/wp-content\/uploads\/2020\/04\/logo-ibsaderma.png","width":290,"height":75,"caption":"IBSA DERMA"},"image":{"@id":"https:\/\/staging.ibsaderma.uy\/es\/#\/schema\/logo\/image\/"},"sameAs":["https:\/\/www.facebook.com\/ibsaderma\/","https:\/\/www.instagram.com\/ibsa_derma_italia\/"]}]}},"_links":{"self":[{"href":"https:\/\/staging.ibsaderma.uy\/es\/wp-json\/wp\/v2\/pages\/5599","targetHints":{"allow":["GET"]}}],"collection":[{"href":"https:\/\/staging.ibsaderma.uy\/es\/wp-json\/wp\/v2\/pages"}],"about":[{"href":"https:\/\/staging.ibsaderma.uy\/es\/wp-json\/wp\/v2\/types\/page"}],"author":[{"embeddable":true,"href":"https:\/\/staging.ibsaderma.uy\/es\/wp-json\/wp\/v2\/users\/47"}],"replies":[{"embeddable":true,"href":"https:\/\/staging.ibsaderma.uy\/es\/wp-json\/wp\/v2\/comments?post=5599"}],"version-history":[{"count":2,"href":"https:\/\/staging.ibsaderma.uy\/es\/wp-json\/wp\/v2\/pages\/5599\/revisions"}],"predecessor-version":[{"id":6044,"href":"https:\/\/staging.ibsaderma.uy\/es\/wp-json\/wp\/v2\/pages\/5599\/revisions\/6044"}],"wp:attachment":[{"href":"https:\/\/staging.ibsaderma.uy\/es\/wp-json\/wp\/v2\/media?parent=5599"}],"curies":[{"name":"wp","href":"https:\/\/api.w.org\/{rel}","templated":true}]}}